{"id":335,"date":"2026-02-26T13:19:24","date_gmt":"2026-02-26T12:19:24","guid":{"rendered":"https:\/\/energodata.sk\/contact\/"},"modified":"2026-04-13T17:54:30","modified_gmt":"2026-04-13T15:54:30","slug":"contact","status":"publish","type":"page","link":"https:\/\/www.energodata.sk\/en\/contact\/","title":{"rendered":"Contact"},"content":{"rendered":"<div id=\"pl-335\"  class=\"panel-layout\" ><div id=\"pg-335-0\"  class=\"panel-grid panel-has-style\" ><div class=\"siteorigin-panels-stretch panel-row-style panel-row-style-for-335-0\" data-stretch-type=\"full\" ><div id=\"pgc-335-0-0\"  class=\"panel-grid-cell\" ><div id=\"panel-335-0-0-0\" class=\"so-panel widget widget_sow-editor panel-first-child panel-last-child\" data-index=\"0\" ><div\n\t\t\t\n\t\t\tclass=\"so-widget-sow-editor so-widget-sow-editor-base\"\n\t\t\t\n\t\t>\n<div class=\"siteorigin-widget-tinymce textwidget\">\n\t<h5>Contact us<\/h5>\n<p>info@energodata.sk<br \/>\n<br \/><a class=\"main-btn scroll\" href=\"#contact\"><span>Contact form<\/span><i class=\"ico-arrow-small\"><\/i><\/a><\/p>\n<\/div>\n<\/div><\/div><\/div><div id=\"pgc-335-0-1\"  class=\"panel-grid-cell\" ><div id=\"panel-335-0-1-0\" class=\"so-panel widget widget_sow-editor panel-first-child panel-last-child\" data-index=\"1\" ><div\n\t\t\t\n\t\t\tclass=\"so-widget-sow-editor so-widget-sow-editor-base\"\n\t\t\t\n\t\t>\n<div class=\"siteorigin-widget-tinymce textwidget\">\n\t<h5>Company headquarters<\/h5>\n<p>ENERGODATA spol. s r.o.<br \/>\nK\u00e1lov 1<br \/>\n010 01 \u017dilina<\/p>\n<\/div>\n<\/div><\/div><\/div><div id=\"pgc-335-0-2\"  class=\"panel-grid-cell\" ><div id=\"panel-335-0-2-0\" class=\"so-panel widget widget_sow-editor panel-first-child panel-last-child\" data-index=\"2\" ><div\n\t\t\t\n\t\t\tclass=\"so-widget-sow-editor so-widget-sow-editor-base\"\n\t\t\t\n\t\t>\n<div class=\"siteorigin-widget-tinymce textwidget\">\n\t<h5>Billing Information<\/h5>\n<p>Company ID: 30223806<br \/>\nTax ID: 2020448111<br \/>\nVAT ID: SK2020448111<\/p>\n<p>The company is registered in the Commercial Register of the District Court of \u017dilina, Section: Sro, Insert No.: 163\/L<\/p>\n<\/div>\n<\/div><\/div><\/div><\/div><\/div><div id=\"pg-335-1\"  class=\"panel-grid panel-has-style\" ><div class=\"siteorigin-panels-stretch panel-row-style panel-row-style-for-335-1\" data-stretch-type=\"full\" ><div id=\"pgc-335-1-0\"  class=\"panel-grid-cell\" ><div id=\"panel-335-1-0-0\" class=\"so-panel widget widget_sow-editor panel-first-child panel-last-child\" data-index=\"3\" ><div\n\t\t\t\n\t\t\tclass=\"so-widget-sow-editor so-widget-sow-editor-base\"\n\t\t\t\n\t\t>\n<div class=\"siteorigin-widget-tinymce textwidget\">\n\t<hr\/>\n<\/div>\n<\/div><\/div><\/div><\/div><\/div><div id=\"pg-335-2\"  class=\"panel-grid panel-has-style\" ><div class=\"siteorigin-panels-stretch panel-row-style panel-row-style-for-335-2\" data-stretch-type=\"full\" ><div id=\"pgc-335-2-0\"  class=\"panel-grid-cell\" ><div id=\"panel-335-2-0-0\" class=\"so-panel widget widget_sow-editor panel-first-child panel-last-child\" data-index=\"4\" ><div\n\t\t\t\n\t\t\tclass=\"so-widget-sow-editor so-widget-sow-editor-base\"\n\t\t\t\n\t\t>\n<div class=\"siteorigin-widget-tinymce textwidget\">\n\t<h2>Contact<br \/>Persons<\/h2>\n<\/div>\n<\/div><\/div><\/div><div id=\"pgc-335-2-1\"  class=\"panel-grid-cell\" ><div id=\"panel-335-2-1-0\" class=\"so-panel widget widget_siteorigin-panels-builder panel-first-child panel-last-child\" data-index=\"5\" ><div id=\"pl-w69dd11b625776\"  class=\"panel-layout\" ><div id=\"pg-w69dd11b625776-0\"  class=\"panel-grid panel-no-style\" ><div id=\"pgc-w69dd11b625776-0-0\"  class=\"panel-grid-cell\" ><div id=\"panel-w69dd11b625776-0-0-0\" class=\"so-panel widget widget_sow-editor panel-first-child panel-last-child\" data-index=\"0\" ><div\n\t\t\t\n\t\t\tclass=\"so-widget-sow-editor so-widget-sow-editor-base\"\n\t\t\t\n\t\t>\n<div class=\"siteorigin-widget-tinymce textwidget\">\n\t<h6>Michal Zelina<\/h6>\n<p><a href=\"mailto:michal.zelina@energodata.sk\">michal.zelina@energodata.sk<\/a><br \/>\n<a href=\"tel: +421 905 308 957\">+421 905 308 957<\/a><\/p>\n<p>&nbsp;<\/p>\n<\/div>\n<\/div><\/div><\/div><\/div><\/div><\/div><\/div><div id=\"pgc-335-2-2\"  class=\"panel-grid-cell\" ><div id=\"panel-335-2-2-0\" class=\"so-panel widget widget_siteorigin-panels-builder panel-first-child panel-last-child\" data-index=\"6\" ><div id=\"pl-w69d941cec5548\"  class=\"panel-layout\" ><div id=\"pg-w69d941cec5548-0\"  class=\"panel-grid panel-no-style\" ><div id=\"pgc-w69d941cec5548-0-0\"  class=\"panel-grid-cell\" ><div id=\"panel-w69d941cec5548-0-0-0\" class=\"so-panel widget widget_sow-editor panel-first-child panel-last-child\" data-index=\"0\" ><div\n\t\t\t\n\t\t\tclass=\"so-widget-sow-editor so-widget-sow-editor-base\"\n\t\t\t\n\t\t>\n<div class=\"siteorigin-widget-tinymce textwidget\">\n\t<h6>J\u00e1n \u0160olt\u00e9s<\/h6>\n<p><a href=\"mailto:jan.soltes@energodata.sk\">jan.soltes@energodata.sk<\/a><br \/>\n<a href=\"tel: +421 908 630 315\">+421 908 630 315<\/a><\/p>\n<p>&nbsp;<\/p>\n<\/div>\n<\/div><\/div><\/div><\/div><\/div><\/div><\/div><div id=\"pgc-335-2-3\"  class=\"panel-grid-cell\" ><div id=\"panel-335-2-3-0\" class=\"so-panel widget widget_siteorigin-panels-builder panel-first-child panel-last-child\" data-index=\"7\" ><div id=\"pl-w69d941cec562f\"  class=\"panel-layout\" ><div id=\"pg-w69d941cec562f-0\"  class=\"panel-grid panel-no-style\" ><div id=\"pgc-w69d941cec562f-0-0\"  class=\"panel-grid-cell\" ><div id=\"panel-w69d941cec562f-0-0-0\" class=\"so-panel widget widget_sow-editor panel-first-child panel-last-child\" data-index=\"0\" ><div\n\t\t\t\n\t\t\tclass=\"so-widget-sow-editor so-widget-sow-editor-base\"\n\t\t\t\n\t\t>\n<div class=\"siteorigin-widget-tinymce textwidget\">\n\t<h6>Rastislav Turis<\/h6>\n<p><a href=\"rastislav.turis@energodata.sk\">rastislav.turis@energodata.sk<\/a><br \/>\n<a href=\"tel:+421 911 697 827\">+421 911 697 827<\/a><\/p>\n<\/div>\n<\/div><\/div><\/div><\/div><\/div><\/div><\/div><\/div><\/div><div id=\"pg-335-3\"  class=\"panel-grid panel-has-style\" ><div class=\"siteorigin-panels-stretch panel-row-style panel-row-style-for-335-3\" data-stretch-type=\"full-width-stretch\" ><div id=\"pgc-335-3-0\"  class=\"panel-grid-cell\" ><div id=\"panel-335-3-0-0\" class=\"so-panel widget widget_sow-editor panel-first-child panel-last-child\" data-index=\"8\" ><div\n\t\t\t\n\t\t\tclass=\"so-widget-sow-editor so-widget-sow-editor-base\"\n\t\t\t\n\t\t>\n<div class=\"siteorigin-widget-tinymce textwidget\">\n\t<div class=\"section contact\" id=\"contact\">\n    <div class=\"row in-grid\">\n        <div class=\"columns-wrapper contact-wrapper\">\n            <div class=\"col-6 contact-left light\">\n                <h2>Start Saving<br>\n                    starting next month<\/h2>\n                <div class=\"contact-icons\">\n                    <p><img decoding=\"async\" src=\"\/wp-content\/uploads\/2026\/02\/icon-check-circle.svg\">Response within 24h<\/p>\n                    <p><img decoding=\"async\" src=\"\/wp-content\/uploads\/2026\/02\/icon-check-circle.svg\"><i class=\"\"><\/i>Solution Proposal<\/p>\n                    <p><img decoding=\"async\" src=\"\/wp-content\/uploads\/2026\/02\/icon-check-circle.svg\"><i class=\"\"><\/i>Free Quote<\/p>\n                <\/div>\n                <div class=\"contact-bottom\">\n                    <div class=\"contact-profile\">\n<!--                         <img decoding=\"async\" src=\"\/wp-content\/uploads\/2026\/02\/avatar_2x.webp\"> -->\n                        <div class=\"contact-profile-content\">\n                            <p class=\"small\">Project Manager<\/p>\n\t\t\t\t\t\t\t<p>J\u00e1n \u0160olt\u00e9s<\/p>\n                        <\/div>\n                    <\/div>\n                    <a class=\"contact-phone\" href=\"tel:+421908630315\">+421 908 630 315<\/a>\n                <\/div>\n            <\/div>\n            <div class=\"col-6 contact-right\">\n                <h3>Leave us your contact information<\/h3>\n                <p>Our experts will contact you shortly<\/p>\n                <div class=\"contact-form\">\n                    \n<div class=\"wpcf7 no-js\" id=\"wpcf7-f310-o1\" lang=\"en-US\" dir=\"ltr\" data-wpcf7-id=\"310\">\n<div class=\"screen-reader-response\"><p role=\"status\" aria-live=\"polite\" aria-atomic=\"true\"><\/p> <ul><\/ul><\/div>\n<form action=\"\/en\/wp-json\/wp\/v2\/pages\/335#wpcf7-f310-o1\" method=\"post\" class=\"wpcf7-form init wpcf7-acceptance-as-validation\" aria-label=\"Contact form\" novalidate=\"novalidate\" data-status=\"init\">\n<fieldset class=\"hidden-fields-container\"><input type=\"hidden\" name=\"_wpcf7\" value=\"310\" \/><input type=\"hidden\" name=\"_wpcf7_version\" value=\"6.1.5\" \/><input type=\"hidden\" name=\"_wpcf7_locale\" value=\"en_US\" \/><input type=\"hidden\" name=\"_wpcf7_unit_tag\" value=\"wpcf7-f310-o1\" \/><input type=\"hidden\" name=\"_wpcf7_container_post\" value=\"0\" \/><input type=\"hidden\" name=\"_wpcf7_posted_data_hash\" value=\"\" \/><input type=\"hidden\" name=\"_wpcf7_recaptcha_response\" value=\"\" \/>\n<\/fieldset>\n<div class=\"columns-wrapper\">\n<div class=\"col-6\">\n<label>  First name Last name\n <span class=\"wpcf7-form-control-wrap\" data-name=\"field-meno\"><input size=\"40\" maxlength=\"400\" class=\"wpcf7-form-control wpcf7-text wpcf7-validates-as-required\" aria-required=\"true\" aria-invalid=\"false\" placeholder=\"J\u00e1n Nov\u00e1k\" value=\"\" type=\"text\" name=\"field-meno\" \/><\/span><\/label>\n<\/div>\n<div class=\"col-6\">\n<label>  Company\n     <span class=\"wpcf7-form-control-wrap\" data-name=\"firma\"><input size=\"40\" maxlength=\"400\" class=\"wpcf7-form-control wpcf7-text\" aria-invalid=\"false\" placeholder=\"Company\" value=\"\" type=\"text\" name=\"firma\" \/><\/span><\/label>\n<\/div>\n<\/div>\n\n<div class=\"columns-wrapper\">\n<div class=\"col-6\">\n<label>  Email\n <span class=\"wpcf7-form-control-wrap\" data-name=\"field-email\"><input size=\"40\" maxlength=\"400\" class=\"wpcf7-form-control wpcf7-email wpcf7-validates-as-required wpcf7-text wpcf7-validates-as-email\" aria-required=\"true\" aria-invalid=\"false\" placeholder=\"peter@firma.sk\" value=\"\" type=\"email\" name=\"field-email\" \/><\/span><\/label>\n<\/div>\n<div class=\"col-6\">\n<label>  Phone\n     <span class=\"wpcf7-form-control-wrap\" data-name=\"field-telefon\"><input size=\"40\" maxlength=\"400\" class=\"wpcf7-form-control wpcf7-text\" aria-invalid=\"false\" placeholder=\"+421 9\" value=\"\" type=\"text\" name=\"field-telefon\" \/><\/span><\/label>\n<\/div>\n<\/div>\n\n<label>  Message or note\n<span class=\"wpcf7-form-control-wrap\" data-name=\"field-sprava\"><textarea cols=\"40\" rows=\"10\" maxlength=\"2000\" class=\"wpcf7-form-control wpcf7-textarea\" aria-invalid=\"false\" placeholder=\"Please let us know how we can help...\" name=\"field-sprava\"><\/textarea><\/span><\/label>\n\n<div class=\"gdpr\">  \n     <span class=\"wpcf7-form-control-wrap\" data-name=\"gdpr\"><span class=\"wpcf7-form-control wpcf7-acceptance\"><span class=\"wpcf7-list-item\"><label><input type=\"checkbox\" name=\"gdpr\" value=\"1\" aria-invalid=\"false\" \/><span class=\"wpcf7-list-item-label\">I agree to the <a href=\"\/en\/privacy-policy\/\" target=\"_blank\">processing of personal data<\/a><\/span><\/label><\/span><\/span><\/span>\n<\/div>\n\n<div class=\"btn-wrapper\"> \n<button type=\"submit\" class=\"main-btn\" role=\"button\"><span>Send message<\/span><i class=\"ico-arrow-small\"><\/i><\/button>\n<\/div><div class=\"wpcf7-response-output\" aria-hidden=\"true\"><\/div>\n<\/form>\n<\/div>\n                <\/div>\n            <\/div>\n        <\/div>\n    <\/div>\n<\/div>\n<\/div>\n<\/div><\/div><\/div><\/div><\/div><\/div>","protected":false},"excerpt":{"rendered":"<p>Contact us info@energodata.sk Contact form Company headquarters ENERGODATA spol. s r.o. K\u00e1lov 1 010 01 \u017dilina Billing Information Company ID: 30223806 Tax ID: 2020448111 VAT ID: SK2020448111 The company is registered in the Commercial Register of the District Court of \u017dilina, Section: Sro, Insert No.: 163\/L<\/p>\n","protected":false},"author":3,"featured_media":0,"parent":0,"menu_order":0,"comment_status":"closed","ping_status":"closed","template":"","meta":{"_acf_changed":false,"inline_featured_image":false,"footnotes":""},"class_list":["post-335","page","type-page","status-publish","hentry"],"acf":[],"yoast_head":"<!-- This site is optimized with the Yoast SEO plugin v27.4 - https:\/\/yoast.com\/product\/yoast-seo-wordpress\/ -->\n<title>Contact - ENERGODATA<\/title>\n<meta name=\"robots\" content=\"index, follow, max-snippet:-1, max-image-preview:large, max-video-preview:-1\" \/>\n<link rel=\"canonical\" href=\"https:\/\/www.energodata.sk\/en\/contact\/\" \/>\n<meta property=\"og:locale\" content=\"en_US\" \/>\n<meta property=\"og:type\" content=\"article\" \/>\n<meta property=\"og:title\" content=\"Contact - ENERGODATA\" \/>\n<meta property=\"og:description\" content=\"Contact us info@energodata.sk Contact form Company headquarters ENERGODATA spol. s r.o. K\u00e1lov 1 010 01 \u017dilina Billing Information Company ID: 30223806 Tax ID: 2020448111 VAT ID: SK2020448111 The company is registered in the Commercial Register of the District Court of \u017dilina, Section: Sro, Insert No.: 163\/L\" \/>\n<meta property=\"og:url\" content=\"https:\/\/www.energodata.sk\/en\/contact\/\" \/>\n<meta property=\"og:site_name\" content=\"ENERGODATA\" \/>\n<meta property=\"article:modified_time\" content=\"2026-04-13T15:54:30+00:00\" \/>\n<meta name=\"twitter:card\" content=\"summary_large_image\" \/>\n<meta name=\"twitter:label1\" content=\"Est. reading time\" \/>\n\t<meta name=\"twitter:data1\" content=\"1 minute\" \/>\n<script type=\"application\/ld+json\" class=\"yoast-schema-graph\">{\"@context\":\"https:\\\/\\\/schema.org\",\"@graph\":[{\"@type\":\"WebPage\",\"@id\":\"https:\\\/\\\/www.energodata.sk\\\/en\\\/contact\\\/\",\"url\":\"https:\\\/\\\/www.energodata.sk\\\/en\\\/contact\\\/\",\"name\":\"Contact - ENERGODATA\",\"isPartOf\":{\"@id\":\"https:\\\/\\\/www.energodata.sk\\\/en\\\/#website\"},\"datePublished\":\"2026-02-26T12:19:24+00:00\",\"dateModified\":\"2026-04-13T15:54:30+00:00\",\"breadcrumb\":{\"@id\":\"https:\\\/\\\/www.energodata.sk\\\/en\\\/contact\\\/#breadcrumb\"},\"inLanguage\":\"en-US\",\"potentialAction\":[{\"@type\":\"ReadAction\",\"target\":[\"https:\\\/\\\/www.energodata.sk\\\/en\\\/contact\\\/\"]}]},{\"@type\":\"BreadcrumbList\",\"@id\":\"https:\\\/\\\/www.energodata.sk\\\/en\\\/contact\\\/#breadcrumb\",\"itemListElement\":[{\"@type\":\"ListItem\",\"position\":1,\"name\":\"Domovsk\u00e1 str\u00e1nka\",\"item\":\"https:\\\/\\\/www.energodata.sk\\\/en\\\/home\\\/\"},{\"@type\":\"ListItem\",\"position\":2,\"name\":\"Contact\"}]},{\"@type\":\"WebSite\",\"@id\":\"https:\\\/\\\/www.energodata.sk\\\/en\\\/#website\",\"url\":\"https:\\\/\\\/www.energodata.sk\\\/en\\\/\",\"name\":\"Energodata\",\"description\":\"\",\"potentialAction\":[{\"@type\":\"SearchAction\",\"target\":{\"@type\":\"EntryPoint\",\"urlTemplate\":\"https:\\\/\\\/www.energodata.sk\\\/en\\\/?s={search_term_string}\"},\"query-input\":{\"@type\":\"PropertyValueSpecification\",\"valueRequired\":true,\"valueName\":\"search_term_string\"}}],\"inLanguage\":\"en-US\"}]}<\/script>\n<!-- \/ Yoast SEO plugin. -->","yoast_head_json":{"title":"Contact - ENERGODATA","robots":{"index":"index","follow":"follow","max-snippet":"max-snippet:-1","max-image-preview":"max-image-preview:large","max-video-preview":"max-video-preview:-1"},"canonical":"https:\/\/www.energodata.sk\/en\/contact\/","og_locale":"en_US","og_type":"article","og_title":"Contact - ENERGODATA","og_description":"Contact us info@energodata.sk Contact form Company headquarters ENERGODATA spol. s r.o. K\u00e1lov 1 010 01 \u017dilina Billing Information Company ID: 30223806 Tax ID: 2020448111 VAT ID: SK2020448111 The company is registered in the Commercial Register of the District Court of \u017dilina, Section: Sro, Insert No.: 163\/L","og_url":"https:\/\/www.energodata.sk\/en\/contact\/","og_site_name":"ENERGODATA","article_modified_time":"2026-04-13T15:54:30+00:00","twitter_card":"summary_large_image","twitter_misc":{"Est. reading time":"1 minute"},"schema":{"@context":"https:\/\/schema.org","@graph":[{"@type":"WebPage","@id":"https:\/\/www.energodata.sk\/en\/contact\/","url":"https:\/\/www.energodata.sk\/en\/contact\/","name":"Contact - ENERGODATA","isPartOf":{"@id":"https:\/\/www.energodata.sk\/en\/#website"},"datePublished":"2026-02-26T12:19:24+00:00","dateModified":"2026-04-13T15:54:30+00:00","breadcrumb":{"@id":"https:\/\/www.energodata.sk\/en\/contact\/#breadcrumb"},"inLanguage":"en-US","potentialAction":[{"@type":"ReadAction","target":["https:\/\/www.energodata.sk\/en\/contact\/"]}]},{"@type":"BreadcrumbList","@id":"https:\/\/www.energodata.sk\/en\/contact\/#breadcrumb","itemListElement":[{"@type":"ListItem","position":1,"name":"Domovsk\u00e1 str\u00e1nka","item":"https:\/\/www.energodata.sk\/en\/home\/"},{"@type":"ListItem","position":2,"name":"Contact"}]},{"@type":"WebSite","@id":"https:\/\/www.energodata.sk\/en\/#website","url":"https:\/\/www.energodata.sk\/en\/","name":"Energodata","description":"","potentialAction":[{"@type":"SearchAction","target":{"@type":"EntryPoint","urlTemplate":"https:\/\/www.energodata.sk\/en\/?s={search_term_string}"},"query-input":{"@type":"PropertyValueSpecification","valueRequired":true,"valueName":"search_term_string"}}],"inLanguage":"en-US"}]}},"_links":{"self":[{"href":"https:\/\/www.energodata.sk\/en\/wp-json\/wp\/v2\/pages\/335","targetHints":{"allow":["GET"]}}],"collection":[{"href":"https:\/\/www.energodata.sk\/en\/wp-json\/wp\/v2\/pages"}],"about":[{"href":"https:\/\/www.energodata.sk\/en\/wp-json\/wp\/v2\/types\/page"}],"author":[{"embeddable":true,"href":"https:\/\/www.energodata.sk\/en\/wp-json\/wp\/v2\/users\/3"}],"replies":[{"embeddable":true,"href":"https:\/\/www.energodata.sk\/en\/wp-json\/wp\/v2\/comments?post=335"}],"version-history":[{"count":7,"href":"https:\/\/www.energodata.sk\/en\/wp-json\/wp\/v2\/pages\/335\/revisions"}],"predecessor-version":[{"id":563,"href":"https:\/\/www.energodata.sk\/en\/wp-json\/wp\/v2\/pages\/335\/revisions\/563"}],"wp:attachment":[{"href":"https:\/\/www.energodata.sk\/en\/wp-json\/wp\/v2\/media?parent=335"}],"curies":[{"name":"wp","href":"https:\/\/api.w.org\/{rel}","templated":true}]}}