{"id":318,"date":"2026-02-26T14:33:41","date_gmt":"2026-02-26T13:33:41","guid":{"rendered":"https:\/\/energodata.sk\/about-us\/"},"modified":"2026-04-14T11:49:41","modified_gmt":"2026-04-14T09:49:41","slug":"about-us","status":"publish","type":"page","link":"https:\/\/www.energodata.sk\/en\/about-us\/","title":{"rendered":"About Us"},"content":{"rendered":"<div id=\"pl-318\"  class=\"panel-layout\" ><div id=\"pg-318-0\"  class=\"panel-grid panel-has-style\" ><div class=\"siteorigin-panels-stretch panel-row-style panel-row-style-for-318-0\" data-stretch-type=\"full\" ><div id=\"pgc-318-0-0\"  class=\"panel-grid-cell\" ><div id=\"panel-318-0-0-0\" class=\"so-panel widget widget_sow-image panel-first-child panel-last-child\" data-index=\"0\" ><div\n\t\t\t\n\t\t\tclass=\"so-widget-sow-image so-widget-sow-image-default-8b5b6f678277-318\"\n\t\t\t\n\t\t>\n<div class=\"sow-image-container\">\n\t\t<img \n\tsrc=\"https:\/\/www.energodata.sk\/wp-content\/uploads\/2026\/02\/Frame-187.jpg\" width=\"1860\" height=\"1263\" srcset=\"https:\/\/www.energodata.sk\/wp-content\/uploads\/2026\/02\/Frame-187.jpg 1860w, https:\/\/www.energodata.sk\/wp-content\/uploads\/2026\/02\/Frame-187-300x204.jpg 300w, https:\/\/www.energodata.sk\/wp-content\/uploads\/2026\/02\/Frame-187-1024x695.jpg 1024w\" sizes=\"(max-width: 1860px) 100vw, 1860px\" title=\"Frame 187\" alt=\"\" \t\tclass=\"so-widget-image\"\/>\n\t<\/div>\n\n<\/div><\/div><\/div><div id=\"pgc-318-0-1\"  class=\"panel-grid-cell\" ><div id=\"panel-318-0-1-0\" class=\"so-panel widget widget_sow-editor panel-first-child panel-last-child\" data-index=\"1\" ><div\n\t\t\t\n\t\t\tclass=\"so-widget-sow-editor so-widget-sow-editor-base\"\n\t\t\t\n\t\t>\n<div class=\"siteorigin-widget-tinymce textwidget\">\n\t<h2 class=\"p1\"><span class=\"s1\">ENERGODATA \u2013 a key player in the Slovak energy market<\/span><\/h2>\n<p class=\"p2\"><span class=\"s2\">ENERGODATA spol. s r.o. was founded in October 1991. Since the very beginning, we have been among the key players in the Slovak energy sector. Our expertise was confirmed early on when we managed the process of connecting the Slovak energy grid to the European systems (CENTREL and ENTSO\u2011E).<\/span><\/p>\n<\/div>\n<\/div><\/div><\/div><\/div><\/div><div id=\"pg-318-1\"  class=\"panel-grid panel-has-style\" ><div class=\"siteorigin-panels-stretch panel-row-style panel-row-style-for-318-1\" data-stretch-type=\"full\" ><div id=\"pgc-318-1-0\"  class=\"panel-grid-cell panel-grid-cell-mobile-last\" ><div id=\"panel-318-1-0-0\" class=\"so-panel widget widget_sow-editor panel-first-child panel-last-child\" data-index=\"2\" ><div class=\"panel-widget-style panel-widget-style-for-318-1-0-0\" ><div\n\t\t\t\n\t\t\tclass=\"so-widget-sow-editor so-widget-sow-editor-base\"\n\t\t\t\n\t\t>\n<div class=\"siteorigin-widget-tinymce textwidget\">\n\t<h5 style=\"color: #fff;\">Our Vision<\/h5>\n<h2>Our goal is to be a technology leader that combines years of experience with modern innovation.<\/h2>\n<p><a class=\"main-btn scroll\" href=\"https:\/\/energodata.sk\/en\/our-solutions\/\"><span>Our Solutions<\/span><i class=\"ico-arrow-small\"><\/i><\/a><\/p>\n<\/div>\n<\/div><\/div><\/div><\/div><div id=\"pgc-318-1-1\"  class=\"panel-grid-cell panel-grid-cell-empty\" ><\/div><\/div><\/div><div id=\"pg-318-2\"  class=\"panel-grid panel-has-style\" ><div class=\"siteorigin-panels-stretch panel-row-style panel-row-style-for-318-2\" data-stretch-type=\"full\" ><div id=\"pgc-318-2-0\"  class=\"panel-grid-cell\" ><div id=\"panel-318-2-0-0\" class=\"so-panel widget widget_sow-editor panel-first-child panel-last-child\" data-index=\"3\" ><div class=\"panel-widget-style panel-widget-style-for-318-2-0-0\" ><div\n\t\t\t\n\t\t\tclass=\"so-widget-sow-editor so-widget-sow-editor-base\"\n\t\t\t\n\t\t>\n<div class=\"siteorigin-widget-tinymce textwidget\">\n\t<h6>\u201cWe continuously respond to the rapidly changing conditions in the energy sector.\u201d<\/h6>\n<p>Michal Zelina<br \/>\nCEO of ENERGODATA<\/p>\n<p>&nbsp;<\/p>\n<\/div>\n<\/div><\/div><\/div><\/div><div id=\"pgc-318-2-1\"  class=\"panel-grid-cell\" ><div id=\"panel-318-2-1-0\" class=\"so-panel widget widget_siteorigin-panels-builder panel-first-child panel-last-child\" data-index=\"4\" ><div class=\"panel-widget-style panel-widget-style-for-318-2-1-0\" ><div id=\"pl-w69d92f26c969e\"  class=\"panel-layout\" ><div id=\"pg-w69d92f26c969e-0\"  class=\"panel-grid panel-has-style\" ><div class=\"panel-row-style panel-row-style-for-w69d92f26c969e-0\" ><div id=\"pgc-w69d92f26c969e-0-0\"  class=\"panel-grid-cell\" ><div id=\"panel-w69d92f26c969e-0-0-0\" class=\"so-panel widget widget_sow-editor panel-first-child\" data-index=\"0\" ><div\n\t\t\t\n\t\t\tclass=\"so-widget-sow-editor so-widget-sow-editor-base\"\n\t\t\t\n\t\t>\n<div class=\"siteorigin-widget-tinymce textwidget\">\n\t<h3 class=\"p1\"><span class=\"s1\">ISO certificates 9001, 14001, 45001, 27001<\/span><\/h3>\n<\/div>\n<\/div><\/div><div id=\"panel-w69d92f26c969e-0-0-1\" class=\"so-panel widget widget_sow-editor panel-last-child\" data-index=\"1\" ><div class=\"panel-widget-style panel-widget-style-for-w69d92f26c969e-0-0-1\" ><div\n\t\t\t\n\t\t\tclass=\"so-widget-sow-editor so-widget-sow-editor-base\"\n\t\t\t\n\t\t>\n<div class=\"siteorigin-widget-tinymce textwidget\">\n\t<p class=\"p1\"><span class=\"s1\">We are committed to quality.<\/span><\/p>\n<\/div>\n<\/div><\/div><\/div><\/div><\/div><\/div><\/div><\/div><\/div><\/div><div id=\"pgc-318-2-2\"  class=\"panel-grid-cell\" ><div id=\"panel-318-2-2-0\" class=\"so-panel widget widget_siteorigin-panels-builder panel-first-child panel-last-child\" data-index=\"5\" ><div class=\"panel-widget-style panel-widget-style-for-318-2-2-0\" ><div id=\"pl-w69a1b3206d288\"  class=\"panel-layout\" ><div id=\"pg-w69a1b3206d288-0\"  class=\"panel-grid panel-has-style\" ><div class=\"panel-row-style panel-row-style-for-w69a1b3206d288-0\" ><div id=\"pgc-w69a1b3206d288-0-0\"  class=\"panel-grid-cell\" ><div id=\"panel-w69a1b3206d288-0-0-0\" class=\"so-panel widget widget_sow-editor panel-first-child\" data-index=\"0\" ><div\n\t\t\t\n\t\t\tclass=\"so-widget-sow-editor so-widget-sow-editor-base\"\n\t\t\t\n\t\t>\n<div class=\"siteorigin-widget-tinymce textwidget\">\n\t<h1>90+<\/h1>\n<\/div>\n<\/div><\/div><div id=\"panel-w69a1b3206d288-0-0-1\" class=\"so-panel widget widget_sow-editor panel-last-child\" data-index=\"1\" ><div class=\"panel-widget-style panel-widget-style-for-w69a1b3206d288-0-0-1\" ><div\n\t\t\t\n\t\t\tclass=\"so-widget-sow-editor so-widget-sow-editor-base\"\n\t\t\t\n\t\t>\n<div class=\"siteorigin-widget-tinymce textwidget\">\n\t<p class=\"p1\"><span class=\"s1\">clients we approach individually<\/span><\/p>\n<\/div>\n<\/div><\/div><\/div><\/div><\/div><\/div><\/div><\/div><\/div><\/div><\/div><\/div><div id=\"pg-318-3\"  class=\"panel-grid panel-has-style\" ><div class=\"siteorigin-panels-stretch panel-row-style panel-row-style-for-318-3\" data-stretch-type=\"full-width-stretch\" ><div id=\"pgc-318-3-0\"  class=\"panel-grid-cell\" ><div id=\"panel-318-3-0-0\" class=\"so-panel widget widget_sow-editor panel-first-child panel-last-child\" data-index=\"6\" ><div\n\t\t\t\n\t\t\tclass=\"so-widget-sow-editor so-widget-sow-editor-base\"\n\t\t\t\n\t\t>\n<div class=\"siteorigin-widget-tinymce textwidget\">\n\t<div class=\"section contact\" id=\"contact\">\n    <div class=\"row in-grid\">\n        <div class=\"columns-wrapper contact-wrapper\">\n            <div class=\"col-6 contact-left light\">\n                <h2>Start Saving<br>\n                    starting next month<\/h2>\n                <div class=\"contact-icons\">\n                    <p><img decoding=\"async\" src=\"\/wp-content\/uploads\/2026\/02\/icon-check-circle.svg\">Response within 24h<\/p>\n                    <p><img decoding=\"async\" src=\"\/wp-content\/uploads\/2026\/02\/icon-check-circle.svg\"><i class=\"\"><\/i>Solution Proposal<\/p>\n                    <p><img decoding=\"async\" src=\"\/wp-content\/uploads\/2026\/02\/icon-check-circle.svg\"><i class=\"\"><\/i>Free Quote<\/p>\n                <\/div>\n                <div class=\"contact-bottom\">\n                    <div class=\"contact-profile\">\n<!--                         <img decoding=\"async\" src=\"\/wp-content\/uploads\/2026\/02\/avatar_2x.webp\"> -->\n                        <div class=\"contact-profile-content\">\n                            <p class=\"small\">Project Manager<\/p>\n\t\t\t\t\t\t\t<p>J\u00e1n \u0160olt\u00e9s<\/p>\n                        <\/div>\n                    <\/div>\n                    <a class=\"contact-phone\" href=\"tel:+421908630315\">+421 908 630 315<\/a>\n                <\/div>\n            <\/div>\n            <div class=\"col-6 contact-right\">\n                <h3>Leave us your contact information<\/h3>\n                <p>Our experts will contact you shortly<\/p>\n                <div class=\"contact-form\">\n                    \n<div class=\"wpcf7 no-js\" id=\"wpcf7-f310-o1\" lang=\"en-US\" dir=\"ltr\" data-wpcf7-id=\"310\">\n<div class=\"screen-reader-response\"><p role=\"status\" aria-live=\"polite\" aria-atomic=\"true\"><\/p> <ul><\/ul><\/div>\n<form action=\"\/en\/wp-json\/wp\/v2\/pages\/318#wpcf7-f310-o1\" method=\"post\" class=\"wpcf7-form init wpcf7-acceptance-as-validation\" aria-label=\"Contact form\" novalidate=\"novalidate\" data-status=\"init\">\n<fieldset class=\"hidden-fields-container\"><input type=\"hidden\" name=\"_wpcf7\" value=\"310\" \/><input type=\"hidden\" name=\"_wpcf7_version\" value=\"6.1.5\" \/><input type=\"hidden\" name=\"_wpcf7_locale\" value=\"en_US\" \/><input type=\"hidden\" name=\"_wpcf7_unit_tag\" value=\"wpcf7-f310-o1\" \/><input type=\"hidden\" name=\"_wpcf7_container_post\" value=\"0\" \/><input type=\"hidden\" name=\"_wpcf7_posted_data_hash\" value=\"\" \/><input type=\"hidden\" name=\"_wpcf7_recaptcha_response\" value=\"\" \/>\n<\/fieldset>\n<div class=\"columns-wrapper\">\n<div class=\"col-6\">\n<label>  First name Last name\n <span class=\"wpcf7-form-control-wrap\" data-name=\"field-meno\"><input size=\"40\" maxlength=\"400\" class=\"wpcf7-form-control wpcf7-text wpcf7-validates-as-required\" aria-required=\"true\" aria-invalid=\"false\" placeholder=\"J\u00e1n Nov\u00e1k\" value=\"\" type=\"text\" name=\"field-meno\" \/><\/span><\/label>\n<\/div>\n<div class=\"col-6\">\n<label>  Company\n     <span class=\"wpcf7-form-control-wrap\" data-name=\"firma\"><input size=\"40\" maxlength=\"400\" class=\"wpcf7-form-control wpcf7-text\" aria-invalid=\"false\" placeholder=\"Company\" value=\"\" type=\"text\" name=\"firma\" \/><\/span><\/label>\n<\/div>\n<\/div>\n\n<div class=\"columns-wrapper\">\n<div class=\"col-6\">\n<label>  Email\n <span class=\"wpcf7-form-control-wrap\" data-name=\"field-email\"><input size=\"40\" maxlength=\"400\" class=\"wpcf7-form-control wpcf7-email wpcf7-validates-as-required wpcf7-text wpcf7-validates-as-email\" aria-required=\"true\" aria-invalid=\"false\" placeholder=\"peter@firma.sk\" value=\"\" type=\"email\" name=\"field-email\" \/><\/span><\/label>\n<\/div>\n<div class=\"col-6\">\n<label>  Phone\n     <span class=\"wpcf7-form-control-wrap\" data-name=\"field-telefon\"><input size=\"40\" maxlength=\"400\" class=\"wpcf7-form-control wpcf7-text\" aria-invalid=\"false\" placeholder=\"+421 9\" value=\"\" type=\"text\" name=\"field-telefon\" \/><\/span><\/label>\n<\/div>\n<\/div>\n\n<label>  Message or note\n<span class=\"wpcf7-form-control-wrap\" data-name=\"field-sprava\"><textarea cols=\"40\" rows=\"10\" maxlength=\"2000\" class=\"wpcf7-form-control wpcf7-textarea\" aria-invalid=\"false\" placeholder=\"Please let us know how we can help...\" name=\"field-sprava\"><\/textarea><\/span><\/label>\n\n<div class=\"gdpr\">  \n     <span class=\"wpcf7-form-control-wrap\" data-name=\"gdpr\"><span class=\"wpcf7-form-control wpcf7-acceptance\"><span class=\"wpcf7-list-item\"><label><input type=\"checkbox\" name=\"gdpr\" value=\"1\" aria-invalid=\"false\" \/><span class=\"wpcf7-list-item-label\">I agree to the <a href=\"\/en\/privacy-policy\/\" target=\"_blank\">processing of personal data<\/a><\/span><\/label><\/span><\/span><\/span>\n<\/div>\n\n<div class=\"btn-wrapper\"> \n<button type=\"submit\" class=\"main-btn\" role=\"button\"><span>Send message<\/span><i class=\"ico-arrow-small\"><\/i><\/button>\n<\/div><div class=\"wpcf7-response-output\" aria-hidden=\"true\"><\/div>\n<\/form>\n<\/div>\n                <\/div>\n            <\/div>\n        <\/div>\n    <\/div>\n<\/div>\n<\/div>\n<\/div><\/div><\/div><\/div><\/div><\/div>","protected":false},"excerpt":{"rendered":"<p>ENERGODATA \u2013 a key player in the Slovak energy market ENERGODATA spol. s r.o. was founded in October 1991. Since the very beginning, we have been among the key players in the Slovak energy sector. Our expertise was confirmed early on when we managed the process of connecting the Slovak energy grid to the European <a href=\"https:\/\/www.energodata.sk\/en\/about-us\/\" class=\"more-link\">&#8230;<span class=\"screen-reader-text\">  About Us<\/span><\/a><\/p>\n","protected":false},"author":3,"featured_media":0,"parent":0,"menu_order":0,"comment_status":"closed","ping_status":"closed","template":"","meta":{"_acf_changed":false,"inline_featured_image":false,"footnotes":""},"class_list":["post-318","page","type-page","status-publish","hentry"],"acf":[],"yoast_head":"<!-- This site is optimized with the Yoast SEO plugin v27.4 - https:\/\/yoast.com\/product\/yoast-seo-wordpress\/ -->\n<title>About Us - ENERGODATA<\/title>\n<meta name=\"robots\" content=\"index, follow, max-snippet:-1, max-image-preview:large, max-video-preview:-1\" \/>\n<link rel=\"canonical\" href=\"https:\/\/www.energodata.sk\/en\/about-us\/\" \/>\n<meta property=\"og:locale\" content=\"en_US\" \/>\n<meta property=\"og:type\" content=\"article\" \/>\n<meta property=\"og:title\" content=\"About Us - ENERGODATA\" \/>\n<meta property=\"og:description\" content=\"ENERGODATA \u2013 a key player in the Slovak energy market ENERGODATA spol. s r.o. was founded in October 1991. Since the very beginning, we have been among the key players in the Slovak energy sector. Our expertise was confirmed early on when we managed the process of connecting the Slovak energy grid to the European ... About Us\" \/>\n<meta property=\"og:url\" content=\"https:\/\/www.energodata.sk\/en\/about-us\/\" \/>\n<meta property=\"og:site_name\" content=\"ENERGODATA\" \/>\n<meta property=\"article:modified_time\" content=\"2026-04-14T09:49:41+00:00\" \/>\n<meta name=\"twitter:card\" content=\"summary_large_image\" \/>\n<meta name=\"twitter:label1\" content=\"Est. reading time\" \/>\n\t<meta name=\"twitter:data1\" content=\"2 minutes\" \/>\n<script type=\"application\/ld+json\" class=\"yoast-schema-graph\">{\"@context\":\"https:\\\/\\\/schema.org\",\"@graph\":[{\"@type\":\"WebPage\",\"@id\":\"https:\\\/\\\/www.energodata.sk\\\/en\\\/about-us\\\/\",\"url\":\"https:\\\/\\\/www.energodata.sk\\\/en\\\/about-us\\\/\",\"name\":\"About Us - ENERGODATA\",\"isPartOf\":{\"@id\":\"https:\\\/\\\/www.energodata.sk\\\/en\\\/#website\"},\"datePublished\":\"2026-02-26T13:33:41+00:00\",\"dateModified\":\"2026-04-14T09:49:41+00:00\",\"breadcrumb\":{\"@id\":\"https:\\\/\\\/www.energodata.sk\\\/en\\\/about-us\\\/#breadcrumb\"},\"inLanguage\":\"en-US\",\"potentialAction\":[{\"@type\":\"ReadAction\",\"target\":[\"https:\\\/\\\/www.energodata.sk\\\/en\\\/about-us\\\/\"]}]},{\"@type\":\"BreadcrumbList\",\"@id\":\"https:\\\/\\\/www.energodata.sk\\\/en\\\/about-us\\\/#breadcrumb\",\"itemListElement\":[{\"@type\":\"ListItem\",\"position\":1,\"name\":\"Domovsk\u00e1 str\u00e1nka\",\"item\":\"https:\\\/\\\/www.energodata.sk\\\/en\\\/home\\\/\"},{\"@type\":\"ListItem\",\"position\":2,\"name\":\"About Us\"}]},{\"@type\":\"WebSite\",\"@id\":\"https:\\\/\\\/www.energodata.sk\\\/en\\\/#website\",\"url\":\"https:\\\/\\\/www.energodata.sk\\\/en\\\/\",\"name\":\"Energodata\",\"description\":\"\",\"potentialAction\":[{\"@type\":\"SearchAction\",\"target\":{\"@type\":\"EntryPoint\",\"urlTemplate\":\"https:\\\/\\\/www.energodata.sk\\\/en\\\/?s={search_term_string}\"},\"query-input\":{\"@type\":\"PropertyValueSpecification\",\"valueRequired\":true,\"valueName\":\"search_term_string\"}}],\"inLanguage\":\"en-US\"}]}<\/script>\n<!-- \/ Yoast SEO plugin. -->","yoast_head_json":{"title":"About Us - ENERGODATA","robots":{"index":"index","follow":"follow","max-snippet":"max-snippet:-1","max-image-preview":"max-image-preview:large","max-video-preview":"max-video-preview:-1"},"canonical":"https:\/\/www.energodata.sk\/en\/about-us\/","og_locale":"en_US","og_type":"article","og_title":"About Us - ENERGODATA","og_description":"ENERGODATA \u2013 a key player in the Slovak energy market ENERGODATA spol. s r.o. was founded in October 1991. Since the very beginning, we have been among the key players in the Slovak energy sector. Our expertise was confirmed early on when we managed the process of connecting the Slovak energy grid to the European ... About Us","og_url":"https:\/\/www.energodata.sk\/en\/about-us\/","og_site_name":"ENERGODATA","article_modified_time":"2026-04-14T09:49:41+00:00","twitter_card":"summary_large_image","twitter_misc":{"Est. reading time":"2 minutes"},"schema":{"@context":"https:\/\/schema.org","@graph":[{"@type":"WebPage","@id":"https:\/\/www.energodata.sk\/en\/about-us\/","url":"https:\/\/www.energodata.sk\/en\/about-us\/","name":"About Us - ENERGODATA","isPartOf":{"@id":"https:\/\/www.energodata.sk\/en\/#website"},"datePublished":"2026-02-26T13:33:41+00:00","dateModified":"2026-04-14T09:49:41+00:00","breadcrumb":{"@id":"https:\/\/www.energodata.sk\/en\/about-us\/#breadcrumb"},"inLanguage":"en-US","potentialAction":[{"@type":"ReadAction","target":["https:\/\/www.energodata.sk\/en\/about-us\/"]}]},{"@type":"BreadcrumbList","@id":"https:\/\/www.energodata.sk\/en\/about-us\/#breadcrumb","itemListElement":[{"@type":"ListItem","position":1,"name":"Domovsk\u00e1 str\u00e1nka","item":"https:\/\/www.energodata.sk\/en\/home\/"},{"@type":"ListItem","position":2,"name":"About Us"}]},{"@type":"WebSite","@id":"https:\/\/www.energodata.sk\/en\/#website","url":"https:\/\/www.energodata.sk\/en\/","name":"Energodata","description":"","potentialAction":[{"@type":"SearchAction","target":{"@type":"EntryPoint","urlTemplate":"https:\/\/www.energodata.sk\/en\/?s={search_term_string}"},"query-input":{"@type":"PropertyValueSpecification","valueRequired":true,"valueName":"search_term_string"}}],"inLanguage":"en-US"}]}},"_links":{"self":[{"href":"https:\/\/www.energodata.sk\/en\/wp-json\/wp\/v2\/pages\/318","targetHints":{"allow":["GET"]}}],"collection":[{"href":"https:\/\/www.energodata.sk\/en\/wp-json\/wp\/v2\/pages"}],"about":[{"href":"https:\/\/www.energodata.sk\/en\/wp-json\/wp\/v2\/types\/page"}],"author":[{"embeddable":true,"href":"https:\/\/www.energodata.sk\/en\/wp-json\/wp\/v2\/users\/3"}],"replies":[{"embeddable":true,"href":"https:\/\/www.energodata.sk\/en\/wp-json\/wp\/v2\/comments?post=318"}],"version-history":[{"count":10,"href":"https:\/\/www.energodata.sk\/en\/wp-json\/wp\/v2\/pages\/318\/revisions"}],"predecessor-version":[{"id":580,"href":"https:\/\/www.energodata.sk\/en\/wp-json\/wp\/v2\/pages\/318\/revisions\/580"}],"wp:attachment":[{"href":"https:\/\/www.energodata.sk\/en\/wp-json\/wp\/v2\/media?parent=318"}],"curies":[{"name":"wp","href":"https:\/\/api.w.org\/{rel}","templated":true}]}}