{"id":319,"date":"2026-02-26T14:33:41","date_gmt":"2026-02-26T13:33:41","guid":{"rendered":"https:\/\/energodata.sk\/ueber-uns\/"},"modified":"2026-04-14T11:50:46","modified_gmt":"2026-04-14T09:50:46","slug":"ueber-uns","status":"publish","type":"page","link":"https:\/\/www.energodata.sk\/de\/ueber-uns\/","title":{"rendered":"\u00dcber uns"},"content":{"rendered":"<div id=\"pl-319\"  class=\"panel-layout\" ><div id=\"pg-319-0\"  class=\"panel-grid panel-has-style\" ><div class=\"siteorigin-panels-stretch panel-row-style panel-row-style-for-319-0\" data-stretch-type=\"full\" ><div id=\"pgc-319-0-0\"  class=\"panel-grid-cell\" ><div id=\"panel-319-0-0-0\" class=\"so-panel widget widget_sow-image panel-first-child panel-last-child\" data-index=\"0\" ><div\n\t\t\t\n\t\t\tclass=\"so-widget-sow-image so-widget-sow-image-default-8b5b6f678277-319\"\n\t\t\t\n\t\t>\n<div class=\"sow-image-container\">\n\t\t<img \n\tsrc=\"https:\/\/www.energodata.sk\/wp-content\/uploads\/2026\/02\/Frame-187.jpg\" width=\"1860\" height=\"1263\" srcset=\"https:\/\/www.energodata.sk\/wp-content\/uploads\/2026\/02\/Frame-187.jpg 1860w, https:\/\/www.energodata.sk\/wp-content\/uploads\/2026\/02\/Frame-187-300x204.jpg 300w, https:\/\/www.energodata.sk\/wp-content\/uploads\/2026\/02\/Frame-187-1024x695.jpg 1024w\" sizes=\"(max-width: 1860px) 100vw, 1860px\" title=\"Frame 187\" alt=\"\" \t\tclass=\"so-widget-image\"\/>\n\t<\/div>\n\n<\/div><\/div><\/div><div id=\"pgc-319-0-1\"  class=\"panel-grid-cell\" ><div id=\"panel-319-0-1-0\" class=\"so-panel widget widget_sow-editor panel-first-child panel-last-child\" data-index=\"1\" ><div\n\t\t\t\n\t\t\tclass=\"so-widget-sow-editor so-widget-sow-editor-base\"\n\t\t\t\n\t\t>\n<div class=\"siteorigin-widget-tinymce textwidget\">\n\t<h2 class=\"p1\"><span class=\"s1\">Energodata \u2013 ein bedeutender Akteur auf dem slowakischen Energiemarkt<\/span><\/h2>\n<p class=\"p2\"><span class=\"s2\">Die ENERGODATA spol. s r.o. wurde im Oktober 1991 gegr\u00fcndet. Seit ihrer Entstehung geh\u00f6ren wir zu den wichtigen Akteuren auf dem slowakischen Energiemarkt. Unsere Fachkompetenz best\u00e4tigten wir bereits in den Anfangsjahren, als wir den Prozess der Anbindung des slowakischen Energienetzes an die europ\u00e4ischen Systeme (CENTREL und ENTSO\u2011E) geleitet haben.<\/span><\/p>\n<\/div>\n<\/div><\/div><\/div><\/div><\/div><div id=\"pg-319-1\"  class=\"panel-grid panel-has-style\" ><div class=\"siteorigin-panels-stretch panel-row-style panel-row-style-for-319-1\" data-stretch-type=\"full\" ><div id=\"pgc-319-1-0\"  class=\"panel-grid-cell panel-grid-cell-mobile-last\" ><div id=\"panel-319-1-0-0\" class=\"so-panel widget widget_sow-editor panel-first-child panel-last-child\" data-index=\"2\" ><div class=\"panel-widget-style panel-widget-style-for-319-1-0-0\" ><div\n\t\t\t\n\t\t\tclass=\"so-widget-sow-editor so-widget-sow-editor-base\"\n\t\t\t\n\t\t>\n<div class=\"siteorigin-widget-tinymce textwidget\">\n\t<h5 style=\"color: #fff;\">Unsere Vision<\/h5>\n<h2>Unser Ziel ist es, technologischer Marktf\u00fchrer zu sein, der langj\u00e4hrige Erfahrung mit modernen Innovationen verbindet.<\/h2>\n<p><a class=\"main-btn scroll\" href=\"https:\/\/energodata.sk\/de\/unsere-loesungen\/\"><span>Unsere L\u00f6sungen<\/span><i class=\"ico-arrow-small\"><\/i><\/a><\/p>\n<\/div>\n<\/div><\/div><\/div><\/div><div id=\"pgc-319-1-1\"  class=\"panel-grid-cell panel-grid-cell-empty\" ><\/div><\/div><\/div><div id=\"pg-319-2\"  class=\"panel-grid panel-has-style\" ><div class=\"siteorigin-panels-stretch panel-row-style panel-row-style-for-319-2\" data-stretch-type=\"full\" ><div id=\"pgc-319-2-0\"  class=\"panel-grid-cell\" ><div id=\"panel-319-2-0-0\" class=\"so-panel widget widget_sow-editor panel-first-child panel-last-child\" data-index=\"3\" ><div class=\"panel-widget-style panel-widget-style-for-319-2-0-0\" ><div\n\t\t\t\n\t\t\tclass=\"so-widget-sow-editor so-widget-sow-editor-base\"\n\t\t\t\n\t\t>\n<div class=\"siteorigin-widget-tinymce textwidget\">\n\t<h6>\u201eWir reagieren kontinuierlich auf die sich schnell ver\u00e4ndernden Bedingungen in der Energiewirtschaft.\u201c<\/h6>\n<p>Michal Zelina<br \/>\nGesch\u00e4ftsf\u00fchrer der ENERGODATA<\/p>\n<p>&nbsp;<\/p>\n<\/div>\n<\/div><\/div><\/div><\/div><div id=\"pgc-319-2-1\"  class=\"panel-grid-cell\" ><div id=\"panel-319-2-1-0\" class=\"so-panel widget widget_siteorigin-panels-builder panel-first-child panel-last-child\" data-index=\"4\" ><div class=\"panel-widget-style panel-widget-style-for-319-2-1-0\" ><div id=\"pl-w69a1b33822a52\"  class=\"panel-layout\" ><div id=\"pg-w69a1b33822a52-0\"  class=\"panel-grid panel-has-style\" ><div class=\"panel-row-style panel-row-style-for-w69a1b33822a52-0\" ><div id=\"pgc-w69a1b33822a52-0-0\"  class=\"panel-grid-cell\" ><div id=\"panel-w69a1b33822a52-0-0-0\" class=\"so-panel widget widget_sow-editor panel-first-child\" data-index=\"0\" ><div\n\t\t\t\n\t\t\tclass=\"so-widget-sow-editor so-widget-sow-editor-base\"\n\t\t\t\n\t\t>\n<div class=\"siteorigin-widget-tinymce textwidget\">\n\t<h3 class=\"p1\"><span class=\"s1\">ISO\u2011Zertifikate 9001, 14001, 45001<\/span><\/h3>\n<\/div>\n<\/div><\/div><div id=\"panel-w69a1b33822a52-0-0-1\" class=\"so-panel widget widget_sow-editor panel-last-child\" data-index=\"1\" ><div class=\"panel-widget-style panel-widget-style-for-w69a1b33822a52-0-0-1\" ><div\n\t\t\t\n\t\t\tclass=\"so-widget-sow-editor so-widget-sow-editor-base\"\n\t\t\t\n\t\t>\n<div class=\"siteorigin-widget-tinymce textwidget\">\n\t<p class=\"p1\"><span class=\"s1\">Wir legen gro\u00dfen Wert auf Qualit\u00e4t.<\/span><\/p>\n<\/div>\n<\/div><\/div><\/div><\/div><\/div><\/div><\/div><\/div><\/div><\/div><div id=\"pgc-319-2-2\"  class=\"panel-grid-cell\" ><div id=\"panel-319-2-2-0\" class=\"so-panel widget widget_siteorigin-panels-builder panel-first-child panel-last-child\" data-index=\"5\" ><div class=\"panel-widget-style panel-widget-style-for-319-2-2-0\" ><div id=\"pl-w69a1b33825435\"  class=\"panel-layout\" ><div id=\"pg-w69a1b33825435-0\"  class=\"panel-grid panel-has-style\" ><div class=\"panel-row-style panel-row-style-for-w69a1b33825435-0\" ><div id=\"pgc-w69a1b33825435-0-0\"  class=\"panel-grid-cell\" ><div id=\"panel-w69a1b33825435-0-0-0\" class=\"so-panel widget widget_sow-editor panel-first-child\" data-index=\"0\" ><div\n\t\t\t\n\t\t\tclass=\"so-widget-sow-editor so-widget-sow-editor-base\"\n\t\t\t\n\t\t>\n<div class=\"siteorigin-widget-tinymce textwidget\">\n\t<h1>90+<\/h1>\n<\/div>\n<\/div><\/div><div id=\"panel-w69a1b33825435-0-0-1\" class=\"so-panel widget widget_sow-editor panel-last-child\" data-index=\"1\" ><div class=\"panel-widget-style panel-widget-style-for-w69a1b33825435-0-0-1\" ><div\n\t\t\t\n\t\t\tclass=\"so-widget-sow-editor so-widget-sow-editor-base\"\n\t\t\t\n\t\t>\n<div class=\"siteorigin-widget-tinymce textwidget\">\n\t<p class=\"p1\"><span class=\"s1\">Kunden, die wir individuell betreuen<\/span><\/p>\n<\/div>\n<\/div><\/div><\/div><\/div><\/div><\/div><\/div><\/div><\/div><\/div><\/div><\/div><div id=\"pg-319-3\"  class=\"panel-grid panel-has-style\" ><div class=\"siteorigin-panels-stretch panel-row-style panel-row-style-for-319-3\" data-stretch-type=\"full-width-stretch\" ><div id=\"pgc-319-3-0\"  class=\"panel-grid-cell\" ><div id=\"panel-319-3-0-0\" class=\"so-panel widget widget_sow-editor panel-first-child panel-last-child\" data-index=\"6\" ><div\n\t\t\t\n\t\t\tclass=\"so-widget-sow-editor so-widget-sow-editor-base\"\n\t\t\t\n\t\t>\n<div class=\"siteorigin-widget-tinymce textwidget\">\n\t<div class=\"section contact\" id=\"contact\">\n    <div class=\"row in-grid\">\n        <div class=\"columns-wrapper contact-wrapper\">\n            <div class=\"col-6 contact-left light\">\n                <h2>Beginnen Sie zu sparen<br>\n                    bereits ab dem n\u00e4chsten Monat<\/h2>\n                <div class=\"contact-icons\">\n                    <p><img decoding=\"async\" src=\"\/wp-content\/uploads\/2026\/02\/icon-check-circle.svg\">R\u00fcckmeldung innerhalb von 24 h<\/p>\n                    <p><img decoding=\"async\" src=\"\/wp-content\/uploads\/2026\/02\/icon-check-circle.svg\"><i class=\"\"><\/i>L\u00f6sungsvorschlag<\/p>\n                    <p><img decoding=\"async\" src=\"\/wp-content\/uploads\/2026\/02\/icon-check-circle.svg\"><i class=\"\"><\/i>Kostenloses Angebot<\/p>\n                <\/div>\n                <div class=\"contact-bottom\">\n                    <div class=\"contact-profile\">\n<!--                         <img decoding=\"async\" src=\"\/wp-content\/uploads\/2026\/02\/avatar_2x.webp\"> -->\n                        <div class=\"contact-profile-content\">\n                            <p class=\"small\">Projektmanager<\/p>\n\t\t\t\t\t\t\t<p>J\u00e1n \u0160olt\u00e9s<\/p>\n                        <\/div>\n                    <\/div>\n                    <a class=\"contact-phone\" href=\"tel:+421908630315\">+421 908 630 315<\/a>\n                <\/div>\n            <\/div>\n            <div class=\"col-6 contact-right\">\n                <h3>Hinterlassen Sie uns Ihre Kontaktdaten<\/h3>\n                <p>Unsere Experten kontaktieren Sie in K\u00fcrze<\/p>\n                <div class=\"contact-form\">\n                    \n<div class=\"wpcf7 no-js\" id=\"wpcf7-f315-o1\" lang=\"de-DE\" dir=\"ltr\" data-wpcf7-id=\"315\">\n<div class=\"screen-reader-response\"><p role=\"status\" aria-live=\"polite\" aria-atomic=\"true\"><\/p> <ul><\/ul><\/div>\n<form action=\"\/de\/wp-json\/wp\/v2\/pages\/319#wpcf7-f315-o1\" method=\"post\" class=\"wpcf7-form init wpcf7-acceptance-as-validation\" aria-label=\"Kontaktformular\" novalidate=\"novalidate\" data-status=\"init\">\n<fieldset class=\"hidden-fields-container\"><input type=\"hidden\" name=\"_wpcf7\" value=\"315\" \/><input type=\"hidden\" name=\"_wpcf7_version\" value=\"6.1.5\" \/><input type=\"hidden\" name=\"_wpcf7_locale\" value=\"de_DE\" \/><input type=\"hidden\" name=\"_wpcf7_unit_tag\" value=\"wpcf7-f315-o1\" \/><input type=\"hidden\" name=\"_wpcf7_container_post\" value=\"0\" \/><input type=\"hidden\" name=\"_wpcf7_posted_data_hash\" value=\"\" \/><input type=\"hidden\" name=\"_wpcf7_recaptcha_response\" value=\"\" \/>\n<\/fieldset>\n<div class=\"columns-wrapper\">\n<div class=\"col-6\">\n<label>  Vor- und Nachname\n <span class=\"wpcf7-form-control-wrap\" data-name=\"field-meno\"><input size=\"40\" maxlength=\"400\" class=\"wpcf7-form-control wpcf7-text wpcf7-validates-as-required\" aria-required=\"true\" aria-invalid=\"false\" placeholder=\"Max Mustermann\" value=\"\" type=\"text\" name=\"field-meno\" \/><\/span><\/label>\n<\/div>\n<div class=\"col-6\">\n<label>  Unternehmen\n     <span class=\"wpcf7-form-control-wrap\" data-name=\"firma\"><input size=\"40\" maxlength=\"400\" class=\"wpcf7-form-control wpcf7-text\" aria-invalid=\"false\" placeholder=\"Firma\" value=\"\" type=\"text\" name=\"firma\" \/><\/span><\/label>\n<\/div>\n<\/div>\n\n<div class=\"columns-wrapper\">\n<div class=\"col-6\">\n<label>  E-Mail\n <span class=\"wpcf7-form-control-wrap\" data-name=\"field-email\"><input size=\"40\" maxlength=\"400\" class=\"wpcf7-form-control wpcf7-email wpcf7-validates-as-required wpcf7-text wpcf7-validates-as-email\" aria-required=\"true\" aria-invalid=\"false\" placeholder=\"peter@firma.de\" value=\"\" type=\"email\" name=\"field-email\" \/><\/span><\/label>\n<\/div>\n<div class=\"col-6\">\n<label>  Telefon\n     <span class=\"wpcf7-form-control-wrap\" data-name=\"field-telefon\"><input size=\"40\" maxlength=\"400\" class=\"wpcf7-form-control wpcf7-text\" aria-invalid=\"false\" placeholder=\"+49 1\" value=\"\" type=\"text\" name=\"field-telefon\" \/><\/span><\/label>\n<\/div>\n<\/div>\n\n<label>  Nachricht oder Anmerkung\n<span class=\"wpcf7-form-control-wrap\" data-name=\"field-sprava\"><textarea cols=\"40\" rows=\"10\" maxlength=\"2000\" class=\"wpcf7-form-control wpcf7-textarea\" aria-invalid=\"false\" placeholder=\"Schreiben Sie uns, wie wir Ihnen helfen k\u00f6nnen...\" name=\"field-sprava\"><\/textarea><\/span><\/label>\n\n<div class=\"gdpr\">  \n     <span class=\"wpcf7-form-control-wrap\" data-name=\"gdpr\"><span class=\"wpcf7-form-control wpcf7-acceptance\"><span class=\"wpcf7-list-item\"><label><input type=\"checkbox\" name=\"gdpr\" value=\"1\" aria-invalid=\"false\" \/><span class=\"wpcf7-list-item-label\">Ich stimme der <a href=\"\/en\/privacy-policy\/\" target=\"_blank\">Verarbeitung personenbezogener Daten<\/a> zu<\/span><\/label><\/span><\/span><\/span>\n<\/div>\n\n<div class=\"btn-wrapper\"> \n<button type=\"submit\" class=\"main-btn\" role=\"button\"><span>Nachricht senden<\/span><i class=\"ico-arrow-small\"><\/i><\/button>\n<\/div><div class=\"wpcf7-response-output\" aria-hidden=\"true\"><\/div>\n<\/form>\n<\/div>\n                <\/div>\n            <\/div>\n        <\/div>\n    <\/div>\n<\/div>\n<\/div>\n<\/div><\/div><\/div><\/div><\/div><\/div>","protected":false},"excerpt":{"rendered":"<p>Energodata \u2013 ein bedeutender Akteur auf dem slowakischen Energiemarkt Die ENERGODATA spol. s r.o. wurde im Oktober 1991 gegr\u00fcndet. Seit ihrer Entstehung geh\u00f6ren wir zu den wichtigen Akteuren auf dem slowakischen Energiemarkt. Unsere Fachkompetenz best\u00e4tigten wir bereits in den Anfangsjahren, als wir den Prozess der Anbindung des slowakischen Energienetzes an die europ\u00e4ischen Systeme (CENTREL und <a href=\"https:\/\/www.energodata.sk\/de\/ueber-uns\/\" class=\"more-link\">&#8230;<span class=\"screen-reader-text\">  \u00dcber uns<\/span><\/a><\/p>\n","protected":false},"author":3,"featured_media":0,"parent":0,"menu_order":0,"comment_status":"closed","ping_status":"closed","template":"","meta":{"_acf_changed":false,"inline_featured_image":false,"footnotes":""},"class_list":["post-319","page","type-page","status-publish","hentry"],"acf":[],"yoast_head":"<!-- This site is optimized with the Yoast SEO plugin v27.4 - https:\/\/yoast.com\/product\/yoast-seo-wordpress\/ -->\n<title>\u00dcber uns - ENERGODATA<\/title>\n<meta name=\"robots\" content=\"index, follow, max-snippet:-1, max-image-preview:large, max-video-preview:-1\" \/>\n<link rel=\"canonical\" href=\"https:\/\/www.energodata.sk\/de\/ueber-uns\/\" \/>\n<meta property=\"og:locale\" content=\"de_DE\" \/>\n<meta property=\"og:type\" content=\"article\" \/>\n<meta property=\"og:title\" content=\"\u00dcber uns - ENERGODATA\" \/>\n<meta property=\"og:description\" content=\"Energodata \u2013 ein bedeutender Akteur auf dem slowakischen Energiemarkt Die ENERGODATA spol. s r.o. wurde im Oktober 1991 gegr\u00fcndet. Seit ihrer Entstehung geh\u00f6ren wir zu den wichtigen Akteuren auf dem slowakischen Energiemarkt. Unsere Fachkompetenz best\u00e4tigten wir bereits in den Anfangsjahren, als wir den Prozess der Anbindung des slowakischen Energienetzes an die europ\u00e4ischen Systeme (CENTREL und ... \u00dcber uns\" \/>\n<meta property=\"og:url\" content=\"https:\/\/www.energodata.sk\/de\/ueber-uns\/\" \/>\n<meta property=\"og:site_name\" content=\"ENERGODATA\" \/>\n<meta property=\"article:modified_time\" content=\"2026-04-14T09:50:46+00:00\" \/>\n<meta name=\"twitter:card\" content=\"summary_large_image\" \/>\n<meta name=\"twitter:label1\" content=\"Gesch\u00e4tzte Lesezeit\" \/>\n\t<meta name=\"twitter:data1\" content=\"2\u00a0Minuten\" \/>\n<script type=\"application\/ld+json\" class=\"yoast-schema-graph\">{\"@context\":\"https:\\\/\\\/schema.org\",\"@graph\":[{\"@type\":\"WebPage\",\"@id\":\"https:\\\/\\\/www.energodata.sk\\\/de\\\/ueber-uns\\\/\",\"url\":\"https:\\\/\\\/www.energodata.sk\\\/de\\\/ueber-uns\\\/\",\"name\":\"\u00dcber uns - ENERGODATA\",\"isPartOf\":{\"@id\":\"https:\\\/\\\/www.energodata.sk\\\/de\\\/#website\"},\"datePublished\":\"2026-02-26T13:33:41+00:00\",\"dateModified\":\"2026-04-14T09:50:46+00:00\",\"breadcrumb\":{\"@id\":\"https:\\\/\\\/www.energodata.sk\\\/de\\\/ueber-uns\\\/#breadcrumb\"},\"inLanguage\":\"de\",\"potentialAction\":[{\"@type\":\"ReadAction\",\"target\":[\"https:\\\/\\\/www.energodata.sk\\\/de\\\/ueber-uns\\\/\"]}]},{\"@type\":\"BreadcrumbList\",\"@id\":\"https:\\\/\\\/www.energodata.sk\\\/de\\\/ueber-uns\\\/#breadcrumb\",\"itemListElement\":[{\"@type\":\"ListItem\",\"position\":1,\"name\":\"Domovsk\u00e1 str\u00e1nka\",\"item\":\"https:\\\/\\\/www.energodata.sk\\\/de\\\/einfuehrung\\\/\"},{\"@type\":\"ListItem\",\"position\":2,\"name\":\"\u00dcber uns\"}]},{\"@type\":\"WebSite\",\"@id\":\"https:\\\/\\\/www.energodata.sk\\\/de\\\/#website\",\"url\":\"https:\\\/\\\/www.energodata.sk\\\/de\\\/\",\"name\":\"Energodata\",\"description\":\"\",\"potentialAction\":[{\"@type\":\"SearchAction\",\"target\":{\"@type\":\"EntryPoint\",\"urlTemplate\":\"https:\\\/\\\/www.energodata.sk\\\/de\\\/?s={search_term_string}\"},\"query-input\":{\"@type\":\"PropertyValueSpecification\",\"valueRequired\":true,\"valueName\":\"search_term_string\"}}],\"inLanguage\":\"de\"}]}<\/script>\n<!-- \/ Yoast SEO plugin. -->","yoast_head_json":{"title":"\u00dcber uns - ENERGODATA","robots":{"index":"index","follow":"follow","max-snippet":"max-snippet:-1","max-image-preview":"max-image-preview:large","max-video-preview":"max-video-preview:-1"},"canonical":"https:\/\/www.energodata.sk\/de\/ueber-uns\/","og_locale":"de_DE","og_type":"article","og_title":"\u00dcber uns - ENERGODATA","og_description":"Energodata \u2013 ein bedeutender Akteur auf dem slowakischen Energiemarkt Die ENERGODATA spol. s r.o. wurde im Oktober 1991 gegr\u00fcndet. Seit ihrer Entstehung geh\u00f6ren wir zu den wichtigen Akteuren auf dem slowakischen Energiemarkt. Unsere Fachkompetenz best\u00e4tigten wir bereits in den Anfangsjahren, als wir den Prozess der Anbindung des slowakischen Energienetzes an die europ\u00e4ischen Systeme (CENTREL und ... \u00dcber uns","og_url":"https:\/\/www.energodata.sk\/de\/ueber-uns\/","og_site_name":"ENERGODATA","article_modified_time":"2026-04-14T09:50:46+00:00","twitter_card":"summary_large_image","twitter_misc":{"Gesch\u00e4tzte Lesezeit":"2\u00a0Minuten"},"schema":{"@context":"https:\/\/schema.org","@graph":[{"@type":"WebPage","@id":"https:\/\/www.energodata.sk\/de\/ueber-uns\/","url":"https:\/\/www.energodata.sk\/de\/ueber-uns\/","name":"\u00dcber uns - ENERGODATA","isPartOf":{"@id":"https:\/\/www.energodata.sk\/de\/#website"},"datePublished":"2026-02-26T13:33:41+00:00","dateModified":"2026-04-14T09:50:46+00:00","breadcrumb":{"@id":"https:\/\/www.energodata.sk\/de\/ueber-uns\/#breadcrumb"},"inLanguage":"de","potentialAction":[{"@type":"ReadAction","target":["https:\/\/www.energodata.sk\/de\/ueber-uns\/"]}]},{"@type":"BreadcrumbList","@id":"https:\/\/www.energodata.sk\/de\/ueber-uns\/#breadcrumb","itemListElement":[{"@type":"ListItem","position":1,"name":"Domovsk\u00e1 str\u00e1nka","item":"https:\/\/www.energodata.sk\/de\/einfuehrung\/"},{"@type":"ListItem","position":2,"name":"\u00dcber uns"}]},{"@type":"WebSite","@id":"https:\/\/www.energodata.sk\/de\/#website","url":"https:\/\/www.energodata.sk\/de\/","name":"Energodata","description":"","potentialAction":[{"@type":"SearchAction","target":{"@type":"EntryPoint","urlTemplate":"https:\/\/www.energodata.sk\/de\/?s={search_term_string}"},"query-input":{"@type":"PropertyValueSpecification","valueRequired":true,"valueName":"search_term_string"}}],"inLanguage":"de"}]}},"_links":{"self":[{"href":"https:\/\/www.energodata.sk\/de\/wp-json\/wp\/v2\/pages\/319","targetHints":{"allow":["GET"]}}],"collection":[{"href":"https:\/\/www.energodata.sk\/de\/wp-json\/wp\/v2\/pages"}],"about":[{"href":"https:\/\/www.energodata.sk\/de\/wp-json\/wp\/v2\/types\/page"}],"author":[{"embeddable":true,"href":"https:\/\/www.energodata.sk\/de\/wp-json\/wp\/v2\/users\/3"}],"replies":[{"embeddable":true,"href":"https:\/\/www.energodata.sk\/de\/wp-json\/wp\/v2\/comments?post=319"}],"version-history":[{"count":8,"href":"https:\/\/www.energodata.sk\/de\/wp-json\/wp\/v2\/pages\/319\/revisions"}],"predecessor-version":[{"id":581,"href":"https:\/\/www.energodata.sk\/de\/wp-json\/wp\/v2\/pages\/319\/revisions\/581"}],"wp:attachment":[{"href":"https:\/\/www.energodata.sk\/de\/wp-json\/wp\/v2\/media?parent=319"}],"curies":[{"name":"wp","href":"https:\/\/api.w.org\/{rel}","templated":true}]}}